{"id":180,"date":"2014-12-09T12:12:34","date_gmt":"2014-12-09T11:12:34","guid":{"rendered":"http:\/\/www.niveau-laser.com\/blog\/?page_id=180"},"modified":"2026-01-26T12:24:10","modified_gmt":"2026-01-26T11:24:10","slug":"comparatifs","status":"publish","type":"page","link":"https:\/\/www.niveau-laser.com\/blog\/comparatifs","title":{"rendered":"Comparatif niveau laser &#038; t\u00e9l\u00e9m\u00e8tre laser"},"content":{"rendered":"<div id='av_section_1'  class='avia-section av-3dpb8-903650f72b68a50f1c41896a44afd1f7 main_color avia-section-default avia-no-shadow  avia-builder-el-0  el_before_av_section  avia-builder-el-first  my15 avia-bg-style-scroll container_wrap sidebar_right'  ><div class='container av-section-cont-open' ><main  role=\"main\" itemprop=\"mainContentOfPage\"  class='template-page content  av-content-small alpha units'><div class='post-entry post-entry-type-page post-entry-180'><div class='entry-content-wrapper clearfix'>\n\n<style type=\"text\/css\" data-created_by=\"avia_inline_auto\" id=\"style-css-av-rs4ro-8b4a97efeb9ba449ca7ce63e62ac7bae\">\n#top .av-special-heading.av-rs4ro-8b4a97efeb9ba449ca7ce63e62ac7bae{\npadding-bottom:0;\n}\nbody .av-special-heading.av-rs4ro-8b4a97efeb9ba449ca7ce63e62ac7bae .av-special-heading-tag .heading-char{\nfont-size:25px;\n}\n.av-special-heading.av-rs4ro-8b4a97efeb9ba449ca7ce63e62ac7bae .av-subheading{\nfont-size:15px;\n}\n<\/style>\n<div  class='av-special-heading av-rs4ro-8b4a97efeb9ba449ca7ce63e62ac7bae av-special-heading-h1 blockquote modern-quote modern-centered  avia-builder-el-1  el_before_av_hr  avia-builder-el-first '><h1 class='av-special-heading-tag '  itemprop=\"headline\"  >Comparatif niveau laser : quel niveau laser choisir selon votre usage ?<\/h1><div class=\"special-heading-border\"><div class=\"special-heading-inner-border\"><\/div><\/div><\/div>\n\n<style type=\"text\/css\" data-created_by=\"avia_inline_auto\" id=\"style-css-av-mkpbtt4m-2a8cfb64ba8eb787fa7139e58deecd01\">\n#top .hr.hr-invisible.av-mkpbtt4m-2a8cfb64ba8eb787fa7139e58deecd01{\nheight:15px;\n}\n<\/style>\n<div  class='hr av-mkpbtt4m-2a8cfb64ba8eb787fa7139e58deecd01 hr-invisible  avia-builder-el-2  el_after_av_heading  el_before_av_two_third '><span class='hr-inner '><span class=\"hr-inner-style\"><\/span><\/span><\/div>\n<div  class='flex_column av-hg390-6af88160255af8fc9743c45ac88681c9 av_two_third  avia-builder-el-3  el_after_av_hr  el_before_av_one_third  first av-break-at-tablet flex_column_div  '     ><section  class='av_textblock_section av-mkl1tycr-f8ba2bc8c973a0f828e865a596496de3 '   itemscope=\"itemscope\" itemtype=\"https:\/\/schema.org\/CreativeWork\" ><div class='avia_textblock'  itemprop=\"text\" ><p>Choisir le bon <strong>niveau laser<\/strong> d\u00e9pend avant tout de votre m\u00e9tier, de votre environnement de travail et du type de pr\u00e9cision recherch\u00e9e. Laser point, laser ligne, laser rotatif, laser de chantier ou t\u00e9l\u00e9m\u00e8tre laser : chaque technologie r\u00e9pond \u00e0 des usages bien pr\u00e9cis.<br \/>\nAvant de comparer les mod\u00e8les, vous pouvez consulter notre <a href=\"https:\/\/www.niveau-laser.com\/blog\/guide-complet-des-niveaux-laser-professionnels\">guide sp\u00e9cial niveau laser professionnel<\/a>.<\/p>\n<p>Voici la liste des <strong>comparatifs d\u00e9taill\u00e9s pour chaque type de niveau laser<\/strong>, afin de vous aider \u00e0 comprendre les diff\u00e9rences, les crit\u00e8res importants et \u00e0 choisir l\u2019outil le plus adapt\u00e9 \u00e0 vos besoins professionnels ou occasionnels.<br \/>\nRetrouvez l\u2019ensemble de nos mod\u00e8les dans la <a title=\"Tous les niveaux laser professionnels\" href=\"\/niveau-laser-3\">cat\u00e9gorie niveaux laser<\/a>.<\/p>\n<\/div><\/section><\/div><div  class='flex_column av-a1qik-59781e1de57bc1360946352df1625161 av_one_third  avia-builder-el-5  el_after_av_two_third  el_before_av_hr  av-break-at-tablet flex_column_div  '     ><section  class='av_textblock_section av-mkl1un8a-a7955daea6e7ecb83d9bc7d5248882e5 '   itemscope=\"itemscope\" itemtype=\"https:\/\/schema.org\/CreativeWork\" ><div class='avia_textblock'  itemprop=\"text\" ><p><strong>Sommaire<\/strong><\/p>\n<ul class=\"Sommaire-comparatifs\">\n<li><a href=\"#laser-point\">Comparatif laser point<\/a><\/li>\n<li><a href=\"#laser-ligne\">Comparatif laser ligne<\/a><\/li>\n<li><a href=\"#laser-rotatif\">Comparatif laser rotatif<\/a><\/li>\n<li><a href=\"#laser-chantier\">Comparatif laser de chantier<\/a><\/li>\n<li><a href=\"#telemetre-laser\">Comparatif t\u00e9l\u00e9m\u00e8tre laser<\/a><\/li>\n<\/ul>\n<\/div><\/section><\/div>\n<style type=\"text\/css\" data-created_by=\"avia_inline_auto\" id=\"style-css-av-mkl1nj0a-b1c68b32e0b23cb0d60be7fae056901d\">\n#top .hr.hr-invisible.av-mkl1nj0a-b1c68b32e0b23cb0d60be7fae056901d{\nheight:20px;\n}\n<\/style>\n<div  class='hr av-mkl1nj0a-b1c68b32e0b23cb0d60be7fae056901d hr-invisible  avia-builder-el-7  el_after_av_one_third  el_before_av_textblock '><span class='hr-inner '><span class=\"hr-inner-style\"><\/span><\/span><\/div>\n<section  class='av_textblock_section av-j1c7g-7a493cd74cc9908b2b6e5b3c447c8f27 '   itemscope=\"itemscope\" itemtype=\"https:\/\/schema.org\/CreativeWork\" ><div class='avia_textblock'  itemprop=\"text\" ><h2 id=\"laser-point\">Comparatif niveau laser Point<\/h2>\n<p>Les <strong>lasers points<\/strong> sont principalement utilis\u00e9s pour des travaux de report de points et d\u2019alignement pr\u00e9cis. Ils sont tr\u00e8s appr\u00e9ci\u00e9s pour la pose de rails, le montage de stands, l\u2019installation de panneaux, d\u2019\u00e9tag\u00e8res ou de structures m\u00e9talliques.<\/p>\n<p>Ces niveaux laser sont couramment utilis\u00e9s par les <strong>cuisinistes, menuisiers, serruriers, charpentiers<\/strong> et entreprises de r\u00e9novation.Retrouvez l\u2019ensemble des mod\u00e8les disponibles dans notre <a title=\"Lasers pointeurs\" href=\"https:\/\/www.niveau-laser.com\/niveau-laser-point-4\">cat\u00e9gorie lasers pointeurs<\/a>.<\/p>\n<p><strong>Points de comparaisons :<\/strong><\/p>\n<ul>\n<li>Sch\u00e9ma de projection des points<\/li>\n<li>Pr\u00e9cision<\/li>\n<li>Port\u00e9e<\/li>\n<li>Couleur du laser<\/li>\n<li>\u00c9tanch\u00e9it\u00e9<\/li>\n<li>Alimentation<\/li>\n<\/ul>\n<p><a href=\"https:\/\/www.niveau-laser.com\/blog\/comparatif-niveau-laser-point\">D\u00e9couvrir le comparatif des niveaux laser point<\/a><\/p>\n<h2 id=\"laser-ligne\">Comparatif niveau laser Ligne<\/h2>\n<p>Les <strong>lasers ligne et lasers croix<\/strong> sont id\u00e9aux pour les travaux d\u2019am\u00e9nagement int\u00e9rieur.<br \/>\nIls permettent de projeter une ou plusieurs lignes horizontales et verticales pour garantir des alignements parfaits.<\/p>\n<p>Ils sont particuli\u00e8rement utilis\u00e9s pour la pose de carrelage, les faux plafonds, les encadrements de fen\u00eatres, les cloisons ou les placards.<br \/>\nRetrouvez l\u2019ensemble des mod\u00e8les disponibles dans notre <a title=\"cat\u00e9gorie lasers croix\" href=\"https:\/\/www.niveau-laser.com\/niveau-laser-ligne-8\">cat\u00e9gorie lasers croix<\/a>.<\/p>\n<p><strong>Points de comparaisons :<\/strong><\/p>\n<ul>\n<li>Sch\u00e9ma des lignes projet\u00e9es<\/li>\n<li>Pr\u00e9cision<\/li>\n<li>Port\u00e9e<\/li>\n<li>Port\u00e9e avec cellule<\/li>\n<li>Couleur du laser<\/li>\n<li>Point d\u2019\u00e9querrage<\/li>\n<li>\u00c9tanch\u00e9it\u00e9<\/li>\n<li>Alimentation<\/li>\n<\/ul>\n<p><a href=\"https:\/\/www.niveau-laser.com\/blog\/comparatif-niveau-laser-ligne\">Voir le comparatif des laser croix et ligne<\/a><\/p>\n<h2 id=\"laser-rotatif\">Comparatif niveau laser rotatif<\/h2>\n<p>Les <strong>lasers rotatifs<\/strong> sont con\u00e7us pour les travaux de nivellement et d\u2019alignement sur de longues distances, en int\u00e9rieur comme en ext\u00e9rieur. Ils sont g\u00e9n\u00e9ralement utilis\u00e9s avec une cellule de r\u00e9ception laser.<\/p>\n<p>Ils sont indispensables pour les professionnels du b\u00e2timent, des travaux publics et de l\u2019am\u00e9nagement ext\u00e9rieur : terrassement, implantations, tranch\u00e9es, fondations.<br \/>\nRetrouvez l\u2019ensemble de notre s\u00e9lection de <a title=\"Lasers rotatifs professionnels\" href=\"https:\/\/www.niveau-laser.com\/niveau-laser-rotatif-5\">lasers rotatifs professionnels<\/a>.<\/p>\n<p><strong>Points de comparaisons :<\/strong><\/p>\n<ul>\n<li>Pr\u00e9cision<\/li>\n<li>Port\u00e9e<\/li>\n<li>Port\u00e9e avec cellule<\/li>\n<li>Couleur du laser<\/li>\n<li>mode d&rsquo;alignement Hz V et pente<\/li>\n<li>Point d\u2019\u00e9querrage<\/li>\n<li>\u00c9tanch\u00e9it\u00e9<\/li>\n<li>Alimentation<\/li>\n<\/ul>\n<p><a href=\"https:\/\/www.niveau-laser.com\/blog\/comparatif-niveau-laser-rotatif\">Voir le comparatif des lasers rotatifs<\/a><\/p>\n<h2 id=\"laser-chantier\">Comparatif niveau laser de chantier<\/h2>\n<p>Les <a href=\"https:\/\/www.niveau-laser.com\/niveau-laser-chantier-6\"><strong>Niveau laser horizontal de chantier<\/strong><\/a> sont con\u00e7us pour les professionnels qui utilisent le laser rotatif essentiellement en mode horizontal.<\/p>\n<p>Utilis\u00e9s principalement par les paysagiste, les ma\u00e7ons et entreprises de travaux publics, ces lasers de chantier sont con\u00e7us pour les gros chantiers. Niveaux lasers utilis\u00e9s pour la pose de chape, les fondations, les gros \u0153uvres, le terrassement et la pose de cl\u00f4tures.<br \/>\nRetrouvez l\u2019ensemble des appareils disponibles dans notre <a title=\"Cat\u00e9gorie Laser de chantier\" href=\"https:\/\/www.niveau-laser.com\/niveau-laser-chantier-6\">Cat\u00e9gorie Laser de chantier<\/a>.<\/p>\n<p><strong>Points de comparaisons : <\/strong><\/p>\n<ul>\n<li>Pr\u00e9cision<\/li>\n<li>Port\u00e9e<\/li>\n<li>Port\u00e9e avec cellule<\/li>\n<li>Couleur du laser<\/li>\n<li>mode d&rsquo;alignement Hz V et pente<\/li>\n<li>Point d\u2019\u00e9querrage<\/li>\n<li>\u00c9tanch\u00e9it\u00e9<\/li>\n<li>Alimentation<\/li>\n<\/ul>\n<p><a href=\"https:\/\/www.niveau-laser.com\/blog\/comparatif-niveau-laser-de-chantier\">D\u00e9couvrez le comparatif des lasers de chantier<\/a><\/p>\n<h2 id=\"telemetre-laser\">Comparatif t\u00e9l\u00e9m\u00e8tre laser<\/h2>\n<p>Calculez des distances, surface et volume, mais bien plus encore. Le <a href=\"https:\/\/www.niveau-laser.com\/telemetre-laser-11\"><strong>m\u00e8tre laser<\/strong><\/a> l&rsquo;appareil id\u00e9al pour les agences immobili\u00e8res, g\u00e9om\u00e8tres, peintres, couvreurs.<br \/>\nD\u00e9couvrez l\u2019ensemble de <a title=\"Metre laser\" href=\"https:\/\/www.niveau-laser.com\/telemetre-laser-10\">nos m\u00e8tres lasers<\/a> sur notre boutique en ligne.<\/p>\n<p><strong>Points de comparaisons :<\/strong><\/p>\n<ul>\n<li>Fabricant<\/li>\n<li>Pr\u00e9cision<\/li>\n<li>Port\u00e9e<\/li>\n<li>Type d&rsquo;\u00e9cran<\/li>\n<li>Ext\u00e9rieur \/ int\u00e9rieur<\/li>\n<li>Mesure \u00e0 partir d&rsquo;angle<\/li>\n<li>Bluetooth<\/li>\n<li>Inclinom\u00e8tre<\/li>\n<li>\u00c9tanch\u00e9it\u00e9<\/li>\n<li>Fonctions<\/li>\n<\/ul>\n<p><a href=\"https:\/\/www.niveau-laser.com\/blog\/comparatif-telemetre-laser\">Acc\u00e9der au comparatif m\u00e8tre laser<\/a><\/p>\n<\/div><\/section>\n<\/div><\/div><\/main><!-- close content main element --><\/div><\/div>\n<style type=\"text\/css\" data-created_by=\"avia_inline_auto\" id=\"style-css-av-ggjxg-3f1816b23272cb62c8a5d20149d51069\">\n.avia-section.av-ggjxg-3f1816b23272cb62c8a5d20149d51069{\nmargin-top:0px;\nmargin-bottom:50px;\n}\n<\/style>\n<div id='av_section_2'  class='avia-section av-ggjxg-3f1816b23272cb62c8a5d20149d51069 main_color avia-section-no-padding avia-no-shadow  avia-builder-el-9  el_after_av_section  avia-builder-el-last  avia-bg-style-scroll container_wrap sidebar_right'  ><div class='container av-section-cont-open' ><div class='template-page content  av-content-small alpha units'><div class='post-entry post-entry-type-page post-entry-180'><div class='entry-content-wrapper clearfix'>\n<div  id=\"toto\"  class=\"av-portfolio-grid-sorting-container\"><div class='sort_width_container  av-sort-yes' data-portfolio-id='1' ><div id='js_sort_items' ><div class='sort_by_cat hidden'><a href=\"#\" data-filter=\"all_sort\" class=\"all_sort_button active_sort\"><span class=\"inner_sort_button\"><span>Tout<\/span><small class=\"av-cat-count\"> 5 <\/small><\/span><\/a><span class=\"text-sep comparatif_sort_sep\">\/<\/span><a href=\"#\" data-filter=\"comparatif_sort\" class=\"comparatif_sort_button\" ><span class=\"inner_sort_button\"><span>Comparatif<\/span><small class=\"av-cat-count\"> 5 <\/small><\/span><\/a><\/div><\/div><\/div><div  class=' grid-sort-container isotope   av-medium-columns-overwrite av-medium-columns-3 no_margin-container with-excerpt-container grid-total-odd grid-col-4 grid-links-' data-portfolio-id='1'><div data-ajax-id='369' class=' grid-entry flex_column isotope-item all_sort no_margin post-entry post-entry-369 grid-entry-overview grid-loop-1 grid-parity-odd  comparatif_sort telemetre-laser-3_sort  av_one_fourth first default_av_fullwidth '><article class='main_color inner-entry'  itemscope=\"itemscope\" itemtype=\"https:\/\/schema.org\/CreativeWork\" ><a href=\"https:\/\/www.niveau-laser.com\/blog\/comparatif-telemetre-laser\" title='T\u00e9l\u00e9m\u00e8tre laser'  data-rel='grid-1' class='grid-image avia-hover-fx'> <img decoding=\"async\" fetchpriority=\"high\" width=\"260\" height=\"185\" src=\"https:\/\/www.niveau-laser.com\/blog\/wp-content\/uploads\/2014\/12\/telemetre-laser-260x185.jpg\" class=\"wp-image-370 avia-img-lazy-loading-not-370 attachment-portfolio_small size-portfolio_small wp-post-image\" alt=\"telemetre laser comparatif\" \/><\/a><div class='grid-content'><div class='avia-arrow'><\/div><header class=\"entry-content-header\" aria-label=\"Portfolio: T\u00e9l\u00e9m\u00e8tre laser\"><h3 class='grid-entry-title entry-title '  itemprop=\"headline\" >T\u00e9l\u00e9m\u00e8tre laser<\/h3><\/header><div class='grid-entry-excerpt entry-content'  itemprop=\"text\" >T\u00e9l\u00e9m\u00e8tres laser et m\u00e8tre laser Leica, Bosch, Geo Fennel<\/div><\/div><footer class=\"entry-footer\"><\/footer><\/article><\/div><div data-ajax-id='344' class=' grid-entry flex_column isotope-item all_sort no_margin post-entry post-entry-344 grid-entry-overview grid-loop-2 grid-parity-even  comparatif_sort niveau-laser-3_sort  av_one_fourth  default_av_fullwidth '><article class='main_color inner-entry'  itemscope=\"itemscope\" itemtype=\"https:\/\/schema.org\/CreativeWork\" ><a href=\"https:\/\/www.niveau-laser.com\/blog\/comparatif-niveau-laser-point\" title='Niveau laser point'  data-rel='grid-1' class='grid-image avia-hover-fx'> <img decoding=\"async\" fetchpriority=\"high\" width=\"260\" height=\"185\" src=\"https:\/\/www.niveau-laser.com\/blog\/wp-content\/uploads\/2014\/12\/niveau-laser-point-260x185.jpg\" class=\"wp-image-345 avia-img-lazy-loading-not-345 attachment-portfolio_small size-portfolio_small wp-post-image\" alt=\"Niveau laser point comparatif\" \/><\/a><div class='grid-content'><div class='avia-arrow'><\/div><header class=\"entry-content-header\" aria-label=\"Portfolio: Niveau laser point\"><h3 class='grid-entry-title entry-title '  itemprop=\"headline\" >Niveau laser point<\/h3><\/header><div class='grid-entry-excerpt entry-content'  itemprop=\"text\" >Lasers pointer professionnel pour tous vos chantier int\u00e9rieurs<\/div><\/div><footer class=\"entry-footer\"><\/footer><\/article><\/div><div data-ajax-id='319' class=' grid-entry flex_column isotope-item all_sort no_margin post-entry post-entry-319 grid-entry-overview grid-loop-3 grid-parity-odd  comparatif_sort niveau-laser-3_sort  av_one_fourth  default_av_fullwidth '><article class='main_color inner-entry'  itemscope=\"itemscope\" itemtype=\"https:\/\/schema.org\/CreativeWork\" ><a href=\"https:\/\/www.niveau-laser.com\/blog\/comparatif-niveau-laser-ligne\" title='Niveau laser ligne'  data-rel='grid-1' class='grid-image avia-hover-fx'> <img decoding=\"async\" fetchpriority=\"high\" width=\"260\" height=\"185\" src=\"https:\/\/www.niveau-laser.com\/blog\/wp-content\/uploads\/2014\/12\/niveau-laser-ligne-260x185.jpg\" class=\"wp-image-320 avia-img-lazy-loading-not-320 attachment-portfolio_small size-portfolio_small wp-post-image\" alt=\"niveau laser ligne comparatif\" \/><\/a><div class='grid-content'><div class='avia-arrow'><\/div><header class=\"entry-content-header\" aria-label=\"Portfolio: Niveau laser ligne\"><h3 class='grid-entry-title entry-title '  itemprop=\"headline\" >Niveau laser ligne<\/h3><\/header><div class='grid-entry-excerpt entry-content'  itemprop=\"text\" >Lasers de ligne professionnels pour tous vos agencements int\u00e9rieurs<\/div><\/div><footer class=\"entry-footer\"><\/footer><\/article><\/div><div data-ajax-id='291' class=' grid-entry flex_column isotope-item all_sort no_margin post-entry post-entry-291 grid-entry-overview grid-loop-4 grid-parity-even  comparatif_sort niveau-laser-3_sort  av_one_fourth  default_av_fullwidth '><article class='main_color inner-entry'  itemscope=\"itemscope\" itemtype=\"https:\/\/schema.org\/CreativeWork\" ><a href=\"https:\/\/www.niveau-laser.com\/blog\/comparatif-niveau-laser-de-chantier\" title='Niveau laser de chantier'  data-rel='grid-1' class='grid-image avia-hover-fx'> <img decoding=\"async\" fetchpriority=\"high\" width=\"260\" height=\"185\" src=\"https:\/\/www.niveau-laser.com\/blog\/wp-content\/uploads\/2014\/12\/niveau-laser-de-chantier-260x185.jpg\" class=\"wp-image-292 avia-img-lazy-loading-not-292 attachment-portfolio_small size-portfolio_small wp-post-image\" alt=\"niveau laser de chantier\" \/><\/a><div class='grid-content'><div class='avia-arrow'><\/div><header class=\"entry-content-header\" aria-label=\"Portfolio: Niveau laser de chantier\"><h3 class='grid-entry-title entry-title '  itemprop=\"headline\" >Niveau laser de chantier<\/h3><\/header><div class='grid-entry-excerpt entry-content'  itemprop=\"text\" >Lasers automatiques horizontaux, utilisation ext\u00e9rieur.<\/div><\/div><footer class=\"entry-footer\"><\/footer><\/article><\/div><div data-ajax-id='246' class=' grid-entry flex_column isotope-item all_sort no_margin post-entry post-entry-246 grid-entry-overview grid-loop-5 grid-parity-odd  post-entry-last  comparatif_sort niveau-laser-3_sort  av_one_fourth first default_av_fullwidth '><article class='main_color inner-entry'  itemscope=\"itemscope\" itemtype=\"https:\/\/schema.org\/CreativeWork\" ><a href=\"https:\/\/www.niveau-laser.com\/blog\/comparatif-niveau-laser-rotatif\" title='Niveau laser rotatif'  data-rel='grid-1' class='grid-image avia-hover-fx'> <img decoding=\"async\" fetchpriority=\"high\" width=\"260\" height=\"185\" src=\"https:\/\/www.niveau-laser.com\/blog\/wp-content\/uploads\/2014\/12\/niveau-laser-rotatif-260x185.jpg\" class=\"wp-image-259 avia-img-lazy-loading-not-259 attachment-portfolio_small size-portfolio_small wp-post-image\" alt=\"Niveau laser rotatif\" \/><\/a><div class='grid-content'><div class='avia-arrow'><\/div><header class=\"entry-content-header\" aria-label=\"Portfolio: Niveau laser rotatif\"><h3 class='grid-entry-title entry-title '  itemprop=\"headline\" >Niveau laser rotatif<\/h3><\/header><div class='grid-entry-excerpt entry-content'  itemprop=\"text\" >Comparatif de tous les lasers rotatifs, int\u00e9rieur, ext\u00e9rieur & polyvalent.<\/div><\/div><footer class=\"entry-footer\"><\/footer><\/article><\/div><\/div><\/div>   <!--   class=\"av-portfolio-grid-sorting-container\"  -->\n<\/div><\/div><\/div><!-- close content main div --><\/div><\/div><div id='after_section_2'  class='main_color av_default_container_wrap container_wrap sidebar_right'  ><div class='container av-section-cont-open' ><div class='template-page content  av-content-small alpha units'><div class='post-entry post-entry-type-page post-entry-180'><div class='entry-content-wrapper clearfix'><\/p>\n","protected":false},"excerpt":{"rendered":"","protected":false},"author":1,"featured_media":0,"parent":0,"menu_order":0,"comment_status":"open","ping_status":"open","template":"","meta":{"footnotes":""},"class_list":["post-180","page","type-page","status-publish","hentry"],"yoast_head":"<!-- This site is optimized with the Yoast SEO plugin v23.8 - https:\/\/yoast.com\/wordpress\/plugins\/seo\/ -->\n<title>Comparatif laser : Niveau laser et t\u00e9l\u00e9m\u00e8tre laser professionnel<\/title>\n<meta name=\"description\" content=\"Listes des comparatif laser : niveau Laser rotatif, de chantier...t\u00e9l\u00e9m\u00e8tre laser. Comparez en un clin d\u2019\u0153il les appareils de mesure de chaque cat\u00e9gorie,\" \/>\n<meta name=\"robots\" content=\"index, follow, max-snippet:-1, max-image-preview:large, max-video-preview:-1\" \/>\n<link rel=\"canonical\" href=\"https:\/\/www.niveau-laser.com\/blog\/comparatifs\" \/>\n<meta property=\"og:locale\" content=\"fr_FR\" \/>\n<meta property=\"og:type\" content=\"article\" \/>\n<meta property=\"og:title\" content=\"Comparatif laser : Niveau laser et t\u00e9l\u00e9m\u00e8tre laser professionnel\" \/>\n<meta property=\"og:description\" content=\"Listes des comparatif laser : niveau Laser rotatif, de chantier...t\u00e9l\u00e9m\u00e8tre laser. Comparez en un clin d\u2019\u0153il les appareils de mesure de chaque cat\u00e9gorie,\" \/>\n<meta property=\"og:url\" content=\"https:\/\/www.niveau-laser.com\/blog\/comparatifs\" \/>\n<meta property=\"og:site_name\" content=\"Niveau Laser Blog\" \/>\n<meta property=\"article:modified_time\" content=\"2026-01-26T11:24:10+00:00\" \/>\n<meta name=\"twitter:label1\" content=\"Dur\u00e9e de lecture estim\u00e9e\" \/>\n\t<meta name=\"twitter:data1\" content=\"5 minutes\" \/>\n<script type=\"application\/ld+json\" class=\"yoast-schema-graph\">{\"@context\":\"https:\/\/schema.org\",\"@graph\":[{\"@type\":\"WebPage\",\"@id\":\"https:\/\/www.niveau-laser.com\/blog\/comparatifs\",\"url\":\"https:\/\/www.niveau-laser.com\/blog\/comparatifs\",\"name\":\"Comparatif laser : Niveau laser et t\u00e9l\u00e9m\u00e8tre laser professionnel\",\"isPartOf\":{\"@id\":\"https:\/\/www.niveau-laser.com\/blog\/#website\"},\"datePublished\":\"2014-12-09T11:12:34+00:00\",\"dateModified\":\"2026-01-26T11:24:10+00:00\",\"description\":\"Listes des comparatif laser : niveau Laser rotatif, de chantier...t\u00e9l\u00e9m\u00e8tre laser. Comparez en un clin d\u2019\u0153il les appareils de mesure de chaque cat\u00e9gorie,\",\"breadcrumb\":{\"@id\":\"https:\/\/www.niveau-laser.com\/blog\/comparatifs#breadcrumb\"},\"inLanguage\":\"fr-FR\",\"potentialAction\":[{\"@type\":\"ReadAction\",\"target\":[\"https:\/\/www.niveau-laser.com\/blog\/comparatifs\"]}]},{\"@type\":\"BreadcrumbList\",\"@id\":\"https:\/\/www.niveau-laser.com\/blog\/comparatifs#breadcrumb\",\"itemListElement\":[{\"@type\":\"ListItem\",\"position\":1,\"name\":\"Accueil\",\"item\":\"https:\/\/www.niveau-laser.com\/blog\/blog-niveau-laser-outillage-et-mesure\"},{\"@type\":\"ListItem\",\"position\":2,\"name\":\"Comparatif niveau laser &#038; t\u00e9l\u00e9m\u00e8tre laser\"}]},{\"@type\":\"WebSite\",\"@id\":\"https:\/\/www.niveau-laser.com\/blog\/#website\",\"url\":\"https:\/\/www.niveau-laser.com\/blog\/\",\"name\":\"Niveau Laser Blog\",\"description\":\"Niveau laser Pro, actualit\u00e9, comparatifs...\",\"potentialAction\":[{\"@type\":\"SearchAction\",\"target\":{\"@type\":\"EntryPoint\",\"urlTemplate\":\"https:\/\/www.niveau-laser.com\/blog\/?s={search_term_string}\"},\"query-input\":{\"@type\":\"PropertyValueSpecification\",\"valueRequired\":true,\"valueName\":\"search_term_string\"}}],\"inLanguage\":\"fr-FR\"}]}<\/script>\n<!-- \/ Yoast SEO plugin. -->","yoast_head_json":{"title":"Comparatif laser : Niveau laser et t\u00e9l\u00e9m\u00e8tre laser professionnel","description":"Listes des comparatif laser : niveau Laser rotatif, de chantier...t\u00e9l\u00e9m\u00e8tre laser. Comparez en un clin d\u2019\u0153il les appareils de mesure de chaque cat\u00e9gorie,","robots":{"index":"index","follow":"follow","max-snippet":"max-snippet:-1","max-image-preview":"max-image-preview:large","max-video-preview":"max-video-preview:-1"},"canonical":"https:\/\/www.niveau-laser.com\/blog\/comparatifs","og_locale":"fr_FR","og_type":"article","og_title":"Comparatif laser : Niveau laser et t\u00e9l\u00e9m\u00e8tre laser professionnel","og_description":"Listes des comparatif laser : niveau Laser rotatif, de chantier...t\u00e9l\u00e9m\u00e8tre laser. Comparez en un clin d\u2019\u0153il les appareils de mesure de chaque cat\u00e9gorie,","og_url":"https:\/\/www.niveau-laser.com\/blog\/comparatifs","og_site_name":"Niveau Laser Blog","article_modified_time":"2026-01-26T11:24:10+00:00","twitter_misc":{"Dur\u00e9e de lecture estim\u00e9e":"5 minutes"},"schema":{"@context":"https:\/\/schema.org","@graph":[{"@type":"WebPage","@id":"https:\/\/www.niveau-laser.com\/blog\/comparatifs","url":"https:\/\/www.niveau-laser.com\/blog\/comparatifs","name":"Comparatif laser : Niveau laser et t\u00e9l\u00e9m\u00e8tre laser professionnel","isPartOf":{"@id":"https:\/\/www.niveau-laser.com\/blog\/#website"},"datePublished":"2014-12-09T11:12:34+00:00","dateModified":"2026-01-26T11:24:10+00:00","description":"Listes des comparatif laser : niveau Laser rotatif, de chantier...t\u00e9l\u00e9m\u00e8tre laser. Comparez en un clin d\u2019\u0153il les appareils de mesure de chaque cat\u00e9gorie,","breadcrumb":{"@id":"https:\/\/www.niveau-laser.com\/blog\/comparatifs#breadcrumb"},"inLanguage":"fr-FR","potentialAction":[{"@type":"ReadAction","target":["https:\/\/www.niveau-laser.com\/blog\/comparatifs"]}]},{"@type":"BreadcrumbList","@id":"https:\/\/www.niveau-laser.com\/blog\/comparatifs#breadcrumb","itemListElement":[{"@type":"ListItem","position":1,"name":"Accueil","item":"https:\/\/www.niveau-laser.com\/blog\/blog-niveau-laser-outillage-et-mesure"},{"@type":"ListItem","position":2,"name":"Comparatif niveau laser &#038; t\u00e9l\u00e9m\u00e8tre laser"}]},{"@type":"WebSite","@id":"https:\/\/www.niveau-laser.com\/blog\/#website","url":"https:\/\/www.niveau-laser.com\/blog\/","name":"Niveau Laser Blog","description":"Niveau laser Pro, actualit\u00e9, comparatifs...","potentialAction":[{"@type":"SearchAction","target":{"@type":"EntryPoint","urlTemplate":"https:\/\/www.niveau-laser.com\/blog\/?s={search_term_string}"},"query-input":{"@type":"PropertyValueSpecification","valueRequired":true,"valueName":"search_term_string"}}],"inLanguage":"fr-FR"}]}},"_links":{"self":[{"href":"https:\/\/www.niveau-laser.com\/blog\/wp-json\/wp\/v2\/pages\/180","targetHints":{"allow":["GET"]}}],"collection":[{"href":"https:\/\/www.niveau-laser.com\/blog\/wp-json\/wp\/v2\/pages"}],"about":[{"href":"https:\/\/www.niveau-laser.com\/blog\/wp-json\/wp\/v2\/types\/page"}],"author":[{"embeddable":true,"href":"https:\/\/www.niveau-laser.com\/blog\/wp-json\/wp\/v2\/users\/1"}],"replies":[{"embeddable":true,"href":"https:\/\/www.niveau-laser.com\/blog\/wp-json\/wp\/v2\/comments?post=180"}],"version-history":[{"count":10,"href":"https:\/\/www.niveau-laser.com\/blog\/wp-json\/wp\/v2\/pages\/180\/revisions"}],"predecessor-version":[{"id":595,"href":"https:\/\/www.niveau-laser.com\/blog\/wp-json\/wp\/v2\/pages\/180\/revisions\/595"}],"wp:attachment":[{"href":"https:\/\/www.niveau-laser.com\/blog\/wp-json\/wp\/v2\/media?parent=180"}],"curies":[{"name":"wp","href":"https:\/\/api.w.org\/{rel}","templated":true}]}}